{"id":336,"date":"2020-12-10T18:40:50","date_gmt":"2020-12-10T17:40:50","guid":{"rendered":"https:\/\/www.nattaengineer.com\/?page_id=336"},"modified":"2020-12-18T13:00:23","modified_gmt":"2020-12-18T12:00:23","slug":"contact","status":"publish","type":"page","link":"https:\/\/www.nattaengineer.com\/fr\/contact\/","title":{"rendered":"Contacts"},"content":{"rendered":"<div class=\"wpspd-container wpspd-shortcode-khpaieq0izfjuc36 \" style=\"margin-bottom:20px;\"><div class=\"wpspd-container-inner\">\n<div class=\"row wpspd-columns wpspd-no-padding wpspd-shortcode-khpaigfhbzqb7jja \" style=\"margin-bottom:0px;\">\n<div class=\"col-md-12 wpspd-shortcode-khpaigfokwrslve0\"><div class=\"wpspd-column-inner\">\n<div class=\"wpspd-column-item wpspd-shortcode-khpaigfoxs151f38\" style=\"margin-bottom:40px;\">\n<img loading=\"lazy\" decoding=\"async\" class=\"img-420 aligncenter wp-image-124 size-full\" src=\"https:\/\/media.nattaengineer.com\/wp-content\/uploads\/2020\/11\/27191352\/natta-contatti-scaled.jpg\" alt=\"NattaEngineer Contatti Page\" data-attachment=\"124\" title=\"NattaEngineer Contatti Page\" width=\"2560\" height=\"1920\" srcset=\"https:\/\/media.nattaengineer.com\/wp-content\/uploads\/2020\/11\/27191352\/natta-contatti-scaled.jpg 2560w, https:\/\/media.nattaengineer.com\/wp-content\/uploads\/2020\/11\/27191352\/natta-contatti-300x225.jpg 300w, https:\/\/media.nattaengineer.com\/wp-content\/uploads\/2020\/11\/27191352\/natta-contatti-1024x768.jpg 1024w, https:\/\/media.nattaengineer.com\/wp-content\/uploads\/2020\/11\/27191352\/natta-contatti-768x576.jpg 768w, https:\/\/media.nattaengineer.com\/wp-content\/uploads\/2020\/11\/27191352\/natta-contatti-1536x1152.jpg 1536w, https:\/\/media.nattaengineer.com\/wp-content\/uploads\/2020\/11\/27191352\/natta-contatti-2048x1536.jpg 2048w\" sizes=\"(max-width: 709px) 85vw, (max-width: 909px) 67vw, (max-width: 1362px) 62vw, 840px\">\n<\/div>\n<div class=\"wpspd-column-item wpspd-shortcode-khpakfvu7y2pvwec\" style=\"margin-bottom:40px;\">\n<h1 class=\"page-title\">Contacts<\/h1>\n<\/div>\n<\/div><\/div>\n<\/div>\n<div class=\"row wpspd-columns wpspd-shortcode-khuxhabtnws6lryd \" style=\"margin-bottom:0px;\">\n<div class=\"col-md-6 wpspd-shortcode-khuxhac32jxpfnnn\"><div class=\"wpspd-column-inner\">\n<div class=\"wpspd-column-item wpspd-shortcode-khpamp6wbof6z81x\" style=\"margin-bottom:40px;\">\n<p><strong>Ing. Emanuele Natta<\/strong><\/p>\n<p>E-Mail: <a href=\"mailto:info@nattaengineer.com\" data-schema-attribute=\"\">info@nattaengineer.com<\/a><\/p>\n<p>PEC: <a href=\"mailto:emanuele.natta@ingpec.eu\" data-schema-attribute=\"\">emanuele.natta@ingpec.eu<\/a><\/p>\n<\/div>\n<\/div><\/div>\n<div class=\"col-md-6 wpspd-shortcode-khuxhac3z20z38ni\"><div class=\"wpspd-column-inner\">\n<div class=\"wpspd-column-item wpspd-shortcode-khpamp6x3eurbko0\" style=\"margin-bottom:40px;\">\n\n<div class=\"wpcf7 no-js\" id=\"wpcf7-f335-o1\" lang=\"it-IT\" dir=\"ltr\">\n<div class=\"screen-reader-response\"><p role=\"status\" aria-live=\"polite\" aria-atomic=\"true\"><\/p> <ul><\/ul><\/div>\n<form action=\"\/fr\/wp-json\/wp\/v2\/pages\/336#wpcf7-f335-o1\" method=\"post\" class=\"wpcf7-form init\" aria-label=\"Modulo di contatto\" novalidate=\"novalidate\" data-status=\"init\">\n<div style=\"display: none;\">\n<input type=\"hidden\" name=\"_wpcf7\" value=\"335\" \/>\n<input type=\"hidden\" name=\"_wpcf7_version\" value=\"5.9.6\" \/>\n<input type=\"hidden\" name=\"_wpcf7_locale\" value=\"it_IT\" \/>\n<input type=\"hidden\" name=\"_wpcf7_unit_tag\" value=\"wpcf7-f335-o1\" \/>\n<input type=\"hidden\" name=\"_wpcf7_container_post\" value=\"0\" \/>\n<input type=\"hidden\" name=\"_wpcf7_posted_data_hash\" value=\"\" \/>\n<input type=\"hidden\" name=\"_wpcf7_recaptcha_response\" value=\"\" \/>\n<\/div>\n<p><label> Votre nom<br \/>\n<span class=\"wpcf7-form-control-wrap\" data-name=\"your-name\"><input size=\"40\" maxlength=\"80\" class=\"wpcf7-form-control wpcf7-text wpcf7-validates-as-required\" aria-required=\"true\" aria-invalid=\"false\" placeholder=\"Ins\u00e9rez votre nom\" value=\"\" type=\"text\" name=\"your-name\" \/><\/span> <\/label>\n<\/p>\n<p><label> Votre email<br \/>\n<span class=\"wpcf7-form-control-wrap\" data-name=\"your-email\"><input size=\"40\" maxlength=\"80\" class=\"wpcf7-form-control wpcf7-email wpcf7-validates-as-required wpcf7-text wpcf7-validates-as-email\" aria-required=\"true\" aria-invalid=\"false\" placeholder=\"Entrez votre emal\" value=\"\" type=\"email\" name=\"your-email\" \/><\/span> <\/label>\n<\/p>\n<p><label> Objet<br \/>\n<span class=\"wpcf7-form-control-wrap\" data-name=\"your-subject\"><input size=\"40\" maxlength=\"80\" class=\"wpcf7-form-control wpcf7-text wpcf7-validates-as-required\" aria-required=\"true\" aria-invalid=\"false\" placeholder=\"Entrez l&#039;objet de votre message\" value=\"\" type=\"text\" name=\"your-subject\" \/><\/span> <\/label>\n<\/p>\n<p><label> Votre message (facultatif)<br \/>\n<span class=\"wpcf7-form-control-wrap\" data-name=\"your-message\"><textarea cols=\"40\" rows=\"10\" maxlength=\"400\" class=\"wpcf7-form-control wpcf7-textarea\" aria-invalid=\"false\" name=\"your-message\"><\/textarea><\/span> <\/label>\n<\/p>\n<p>Vos donn\u00e9es personnelles seront utilis\u00e9es pour r\u00e9pondre au message, soutenir votre exp\u00e9rience sur ce site Web et \u00e0 d'autres fins d\u00e9crites dans notre politique de confidentialit\u00e9.\n<\/p>\n<p><span class=\"wpcf7-form-control-wrap\" data-name=\"acceptance-463\"><span class=\"wpcf7-form-control wpcf7-acceptance\"><span class=\"wpcf7-list-item\"><label><input type=\"checkbox\" name=\"acceptance-463\" value=\"1\" aria-invalid=\"false\" \/><span class=\"wpcf7-list-item-label\">J'ai lu et j'accepte pleinement la politique de confidentialit\u00e9 de ce site, \u00e9tablie conform\u00e9ment au r\u00e8glement UE 2016\/679.<\/span><\/label><\/span><\/span><\/span>\n<\/p>\n<p><input class=\"wpcf7-form-control wpcf7-submit has-spinner\" type=\"submit\" value=\"Envoyer\" \/>\n<\/p><div class=\"wpcf7-response-output\" aria-hidden=\"true\"><\/div>\n<\/form>\n<\/div>\n\n<\/div>\n<\/div><\/div>\n<\/div>\n<\/div><\/div>\n","protected":false},"excerpt":{"rendered":"","protected":false},"author":1,"featured_media":0,"parent":0,"menu_order":0,"comment_status":"closed","ping_status":"closed","template":"template-no-title.php","meta":{"footnotes":""},"_links":{"self":[{"href":"https:\/\/www.nattaengineer.com\/fr\/wp-json\/wp\/v2\/pages\/336"}],"collection":[{"href":"https:\/\/www.nattaengineer.com\/fr\/wp-json\/wp\/v2\/pages"}],"about":[{"href":"https:\/\/www.nattaengineer.com\/fr\/wp-json\/wp\/v2\/types\/page"}],"author":[{"embeddable":true,"href":"https:\/\/www.nattaengineer.com\/fr\/wp-json\/wp\/v2\/users\/1"}],"replies":[{"embeddable":true,"href":"https:\/\/www.nattaengineer.com\/fr\/wp-json\/wp\/v2\/comments?post=336"}],"version-history":[{"count":6,"href":"https:\/\/www.nattaengineer.com\/fr\/wp-json\/wp\/v2\/pages\/336\/revisions"}],"predecessor-version":[{"id":1191,"href":"https:\/\/www.nattaengineer.com\/fr\/wp-json\/wp\/v2\/pages\/336\/revisions\/1191"}],"wp:attachment":[{"href":"https:\/\/www.nattaengineer.com\/fr\/wp-json\/wp\/v2\/media?parent=336"}],"curies":[{"name":"wp","href":"https:\/\/api.w.org\/{rel}","templated":true}]}}