{"id":330,"date":"2020-12-10T18:28:29","date_gmt":"2020-12-10T17:28:29","guid":{"rendered":"https:\/\/www.nattaengineer.com\/?page_id=330"},"modified":"2020-12-28T16:17:07","modified_gmt":"2020-12-28T15:17:07","slug":"performances-techniques","status":"publish","type":"page","link":"https:\/\/www.nattaengineer.com\/fr\/performances-techniques\/","title":{"rendered":"Performances techniques"},"content":{"rendered":"<div class=\"wpspd-container wpspd-shortcode-khnvh08gbyq0alco \" style=\"margin-bottom:20px;\"><div class=\"wpspd-container-inner\">\n<div class=\"row wpspd-columns wpspd-no-padding wpspd-shortcode-khnvh18k3sm4wnnf \" style=\"margin-bottom:0px;\">\n<div class=\"col-md-12 wpspd-shortcode-khnvh18u96lh9ez3\"><div class=\"wpspd-column-inner\">\n<div class=\"wpspd-column-item wpspd-shortcode-khnvh18u8827sgjw\" style=\"margin-bottom:40px;\">\n<img loading=\"lazy\" decoding=\"async\" class=\"img-420 aligncenter wp-image-1210 size-full\" src=\"https:\/\/media.nattaengineer.com\/wp-content\/uploads\/2020\/12\/28161325\/natta-prestazioni-tecniche-v1.jpg\" alt=\"\" data-attachment=\"1210\" title=\"NattaEngineer Prestazioni Tecniche Page\" width=\"2048\" height=\"1536\" srcset=\"https:\/\/media.nattaengineer.com\/wp-content\/uploads\/2020\/12\/28161325\/natta-prestazioni-tecniche-v1.jpg 2048w, https:\/\/media.nattaengineer.com\/wp-content\/uploads\/2020\/12\/28161325\/natta-prestazioni-tecniche-v1-300x225.jpg 300w, https:\/\/media.nattaengineer.com\/wp-content\/uploads\/2020\/12\/28161325\/natta-prestazioni-tecniche-v1-1024x768.jpg 1024w, https:\/\/media.nattaengineer.com\/wp-content\/uploads\/2020\/12\/28161325\/natta-prestazioni-tecniche-v1-768x576.jpg 768w, https:\/\/media.nattaengineer.com\/wp-content\/uploads\/2020\/12\/28161325\/natta-prestazioni-tecniche-v1-1536x1152.jpg 1536w\" sizes=\"(max-width: 709px) 85vw, (max-width: 909px) 67vw, (max-width: 1362px) 62vw, 840px\">\n<\/div>\n<div class=\"wpspd-column-item wpspd-shortcode-khnvio5ip39hu4wb\" style=\"margin-bottom:40px;\">\n<h1 class=\"page-title\">Performances Techniques<\/h1>\n<ul>\n<li>Lev\u00e9 Topographique &#8211; \u00c9laboration &#8211; Conception &#8211; D\u00e9veloppement de b\u00e2timents [\u00ab\u00a0Nouvelles Constructions\u00a0\u00bb et R\u00e9novations\u00a0\u00bb]<\/li>\n<li>Conception Parasismique et Calculs Structurels au sens des EUROCODES [0\u00f79]<\/li>\n<li>Direction des Travaux [Structurels et Architecturaux] &#8211; Ma\u00eetre d&rsquo;\u0153uvre<\/li>\n<li>\u00c9valuations Immobili\u00e8res<\/li>\n<\/ul>\n<\/div>\n<\/div><\/div>\n<\/div>\n<\/div><\/div>\n","protected":false},"excerpt":{"rendered":"","protected":false},"author":1,"featured_media":0,"parent":0,"menu_order":0,"comment_status":"closed","ping_status":"closed","template":"template-no-title.php","meta":{"footnotes":""},"_links":{"self":[{"href":"https:\/\/www.nattaengineer.com\/fr\/wp-json\/wp\/v2\/pages\/330"}],"collection":[{"href":"https:\/\/www.nattaengineer.com\/fr\/wp-json\/wp\/v2\/pages"}],"about":[{"href":"https:\/\/www.nattaengineer.com\/fr\/wp-json\/wp\/v2\/types\/page"}],"author":[{"embeddable":true,"href":"https:\/\/www.nattaengineer.com\/fr\/wp-json\/wp\/v2\/users\/1"}],"replies":[{"embeddable":true,"href":"https:\/\/www.nattaengineer.com\/fr\/wp-json\/wp\/v2\/comments?post=330"}],"version-history":[{"count":5,"href":"https:\/\/www.nattaengineer.com\/fr\/wp-json\/wp\/v2\/pages\/330\/revisions"}],"predecessor-version":[{"id":1214,"href":"https:\/\/www.nattaengineer.com\/fr\/wp-json\/wp\/v2\/pages\/330\/revisions\/1214"}],"wp:attachment":[{"href":"https:\/\/www.nattaengineer.com\/fr\/wp-json\/wp\/v2\/media?parent=330"}],"curies":[{"name":"wp","href":"https:\/\/api.w.org\/{rel}","templated":true}]}}