{"id":325,"date":"2020-12-10T18:25:34","date_gmt":"2020-12-10T17:25:34","guid":{"rendered":"https:\/\/www.nattaengineer.com\/?page_id=325"},"modified":"2021-01-05T16:54:56","modified_gmt":"2021-01-05T15:54:56","slug":"team","status":"publish","type":"page","link":"https:\/\/www.nattaengineer.com\/fr\/team\/","title":{"rendered":"Team"},"content":{"rendered":"<div class=\"wpspd-container wpspd-shortcode-khnoohyolnu1btsu \" style=\"margin-bottom:20px;\"><div class=\"wpspd-container-inner\">\n<div class=\"row wpspd-columns wpspd-no-padding wpspd-shortcode-khnooiyn3e7j5ctk \" style=\"margin-bottom:0px;\">\n<div class=\"col-md-12 wpspd-shortcode-khnooiyudddiifsj\"><div class=\"wpspd-column-inner\">\n<div class=\"wpspd-column-item wpspd-shortcode-khpb2ij65bm2z01n\" style=\"margin-bottom:40px;\">\n<p><a href=\"https:\/\/media.nattaengineer.com\/wp-content\/uploads\/2020\/11\/27191352\/natta-foto-emanuele.jpg\"><img loading=\"lazy\" decoding=\"async\" src=\"https:\/\/media.nattaengineer.com\/wp-content\/uploads\/2020\/11\/27191352\/natta-foto-emanuele.jpg\" alt=\"NattaEngineer Foto Emanuele\" class=\"img-420 aligncenter wp-image-129 size-full\" data-attachment=\"129\" title=\"NattaEngineer Foto Emanuele\" width=\"2048\" height=\"1536\" srcset=\"https:\/\/media.nattaengineer.com\/wp-content\/uploads\/2020\/11\/27191352\/natta-foto-emanuele.jpg 2048w, https:\/\/media.nattaengineer.com\/wp-content\/uploads\/2020\/11\/27191352\/natta-foto-emanuele-300x225.jpg 300w, https:\/\/media.nattaengineer.com\/wp-content\/uploads\/2020\/11\/27191352\/natta-foto-emanuele-1024x768.jpg 1024w, https:\/\/media.nattaengineer.com\/wp-content\/uploads\/2020\/11\/27191352\/natta-foto-emanuele-768x576.jpg 768w, https:\/\/media.nattaengineer.com\/wp-content\/uploads\/2020\/11\/27191352\/natta-foto-emanuele-1536x1152.jpg 1536w\" sizes=\"(max-width: 709px) 85vw, (max-width: 909px) 67vw, (max-width: 1362px) 62vw, 840px\"><\/a><\/p>\n<\/div>\n<div class=\"wpspd-column-item wpspd-shortcode-khpb0q3dc27bqdvm\" style=\"margin-bottom:40px;\">\n<h1 class=\"page-title\">Ing. Natta Emanuele<\/h1>\n<\/div>\n<div class=\"wpspd-column-item wpspd-shortcode-khpb1ro9i6kjez1x\" style=\"margin-bottom:40px;\">\n<p>N\u00e9 \u00e0 Imperia (IT) le 26\/03\/1979.<br \/>\n1998 \u2013 <strong>Bac de \u201cG\u00e9om\u00e8tre\u201d dans le domaine technique<\/strong> aupr\u00e8s l\u2019Istituto Tecnico per Geometri \u201cG. Ruffini\u201d de la Provincie de Imperia avec les meilleures notes.<br \/>\n2005 \u2013 <strong>Dipl\u00f4me d&rsquo;Ing\u00e9nieur Civile (bac + 5)<\/strong> d\u00e9livr\u00e9e par l\u2019Universit\u00e9 de G\u00eanes (GE)<br \/>\n2005 \u2013 <strong>R\u00e9ussite de l\u2019examen d\u2019habilitation \u00e0 la profession d\u2019ing\u00e9nieur<\/strong> aupr\u00e8s l\u2019Universit\u00e9 de G\u00eanes.<br \/>\n2006 &#8211; <strong>Inscription \u00e0 l\u2019Ordre Professionnel des Ing\u00e9nieurs de la province d\u2019Imperia<\/strong> num\u00e9ro d\u2019immatriculation 747.<br \/>\n2008 \u2013 <strong>Habilitation \u00e0 la profession de Coordinateur de la S\u00e9curit\u00e9<\/strong>, selon la loi D.Lgs du 9 Avril 2008 n.8, en vigueur du 16 mai 2008 en Italie.<br \/>\n2011 &#8211; \u00e0 partir de cette date, il est, \u00e0 ce jour, engag\u00e9 comme Ing\u00e9nieur Structurel dans la zone de la \u00ab Riviera dei Fiori \u00bb (Italie -Ligurie) et sur la \u00ab C\u00f4te d\u2019Azur \u00bb (FR).<\/p>\n<\/div>\n<div class=\"wpspd-column-item wpspd-shortcode-khnooiyuyuhy44sf\" style=\"margin-bottom:40px;\">\n<p><a href=\"https:\/\/media.nattaengineer.com\/wp-content\/uploads\/2021\/01\/05164820\/Natta-Team.jpeg\"><img loading=\"lazy\" decoding=\"async\" class=\"img-420 aligncenter wp-image-1414 size-full\" src=\"https:\/\/media.nattaengineer.com\/wp-content\/uploads\/2021\/01\/05164820\/Natta-Team.jpeg\" alt=\"\" data-attachment=\"1414\" title=\"NattaEngineer Team Page\" width=\"2080\" height=\"1560\" srcset=\"https:\/\/media.nattaengineer.com\/wp-content\/uploads\/2021\/01\/05164820\/Natta-Team.jpeg 2080w, https:\/\/media.nattaengineer.com\/wp-content\/uploads\/2021\/01\/05164820\/Natta-Team-300x225.jpeg 300w, https:\/\/media.nattaengineer.com\/wp-content\/uploads\/2021\/01\/05164820\/Natta-Team-1024x768.jpeg 1024w, https:\/\/media.nattaengineer.com\/wp-content\/uploads\/2021\/01\/05164820\/Natta-Team-768x576.jpeg 768w, https:\/\/media.nattaengineer.com\/wp-content\/uploads\/2021\/01\/05164820\/Natta-Team-1536x1152.jpeg 1536w, https:\/\/media.nattaengineer.com\/wp-content\/uploads\/2021\/01\/05164820\/Natta-Team-2048x1536.jpeg 2048w\" sizes=\"(max-width: 709px) 85vw, (max-width: 909px) 67vw, (max-width: 1362px) 62vw, 840px\"><\/a><\/p>\n<\/div>\n<div class=\"wpspd-column-item wpspd-shortcode-khpb3j351vlgbzrx\" style=\"margin-bottom:40px;\">\n<h1 class=\"page-title\">Our team<\/h1>\n<\/div>\n<div class=\"wpspd-column-item wpspd-shortcode-khpb451kc7x86qyp\" style=\"margin-bottom:40px;\">\n<ul>\n<li>Ing\u00e9nieur Structuraliste Spadari Gianluigi &#8211; <a href=\"mailto:ing.spadari@gmail.com\" data-schema-attribute=\"\">ing.spadari@gmail.com<\/a><\/li>\n<li>Ing\u00e9nieur Structuraliste &#8211; Thermographie du B\u00e2timent &#8211; Pr\u00e9vention des Incendies \u2013 Simone Di Marcoberardino &#8211;<a href=\"mailto:ing.simonedm@gmail.com\" data-schema-attribute=\"\">\u00a0ing.simonedm@gmail.com<\/a><\/li>\n<li>G\u00e9om\u00e8tre Daniele Conio &#8211; <a href=\"mailto:geom.danieleconio@libero.it\" data-schema-attribute=\"\">geom.danieleconio@libero.it<\/a><\/li>\n<li>Geo. G.A.R.P. \u2013 \u00c9tude Technique de la G\u00e9ologie, Recherches G\u00e9ophysiques et G\u00e9otechniques &#8211; <a href=\"mailto:aguardiani.ag@gmail.com\" data-schema-attribute=\"\">aguardiani.ag@gmail.com<\/a> &#8211; <a href=\"mailto:anfossipaolo@libero.it\" data-schema-attribute=\"\">anfossipaolo@libero.it<\/a><\/li>\n<\/ul>\n<\/div>\n<\/div><\/div>\n<\/div>\n<\/div><\/div>\n","protected":false},"excerpt":{"rendered":"","protected":false},"author":1,"featured_media":0,"parent":0,"menu_order":0,"comment_status":"closed","ping_status":"closed","template":"template-no-title.php","meta":{"footnotes":""},"_links":{"self":[{"href":"https:\/\/www.nattaengineer.com\/fr\/wp-json\/wp\/v2\/pages\/325"}],"collection":[{"href":"https:\/\/www.nattaengineer.com\/fr\/wp-json\/wp\/v2\/pages"}],"about":[{"href":"https:\/\/www.nattaengineer.com\/fr\/wp-json\/wp\/v2\/types\/page"}],"author":[{"embeddable":true,"href":"https:\/\/www.nattaengineer.com\/fr\/wp-json\/wp\/v2\/users\/1"}],"replies":[{"embeddable":true,"href":"https:\/\/www.nattaengineer.com\/fr\/wp-json\/wp\/v2\/comments?post=325"}],"version-history":[{"count":7,"href":"https:\/\/www.nattaengineer.com\/fr\/wp-json\/wp\/v2\/pages\/325\/revisions"}],"predecessor-version":[{"id":1418,"href":"https:\/\/www.nattaengineer.com\/fr\/wp-json\/wp\/v2\/pages\/325\/revisions\/1418"}],"wp:attachment":[{"href":"https:\/\/www.nattaengineer.com\/fr\/wp-json\/wp\/v2\/media?parent=325"}],"curies":[{"name":"wp","href":"https:\/\/api.w.org\/{rel}","templated":true}]}}